{"id":747,"date":"2023-04-07T08:46:30","date_gmt":"2023-04-07T11:46:30","guid":{"rendered":"https:\/\/demosites.royal-elementor-addons.com\/digitalagency-v3\/?page_id=7"},"modified":"2023-12-05T15:01:49","modified_gmt":"2023-12-05T18:01:49","slug":"inicio","status":"publish","type":"page","link":"https:\/\/gpestrategiacomportamental.com.br\/","title":{"rendered":"In\u00edcio"},"content":{"rendered":"\t\t<div data-elementor-type=\"wp-page\" data-elementor-id=\"747\" class=\"elementor elementor-747\">\n\t\t\t\t<div class=\"wpr-parallax-multi-layer\" scalar-speed=\"10\" direction=\"no\" style=\"overflow: hidden;\"><div data-depth=\"0.4\" style-top=\"15%\" style-left=\"73%\" class=\"wpr-parallax-ml-children elementor-repeater-item-1a65dae\"><img decoding=\"async\" src=\"https:\/\/gpestrategiacomportamental.com.br\/wp-content\/uploads\/2023\/04\/rectangle-1.png\"><\/div><div data-depth=\"0.4\" style-top=\"86%\" style-left=\"20%\" class=\"wpr-parallax-ml-children elementor-repeater-item-fad39dd\"><img decoding=\"async\" src=\"https:\/\/gpestrategiacomportamental.com.br\/wp-content\/uploads\/2023\/04\/Polygon-1.png\"><\/div><\/div>\t\t<section class=\"elementor-section elementor-top-section elementor-element elementor-element-09f0edb elementor-section-height-min-height wpr-parallax-yes elementor-section-boxed elementor-section-height-default elementor-section-items-middle wpr-sticky-section-no\" data-id=\"09f0edb\" data-element_type=\"section\" data-settings=\"{&quot;background_background&quot;:&quot;classic&quot;}\">\n\t\t\t\t\t\t<div class=\"elementor-container elementor-column-gap-default\">\n\t\t\t\t\t<div class=\"elementor-column elementor-col-50 elementor-top-column elementor-element elementor-element-3b3549b\" data-id=\"3b3549b\" data-element_type=\"column\">\n\t\t\t<div class=\"elementor-widget-wrap elementor-element-populated\">\n\t\t\t\t\t\t<div class=\"elementor-element elementor-element-37c46e7 elementor-invisible elementor-widget elementor-widget-heading\" data-id=\"37c46e7\" data-element_type=\"widget\" data-settings=\"{&quot;_animation&quot;:&quot;slideInRight&quot;}\" data-widget_type=\"heading.default\">\n\t\t\t\t<div class=\"elementor-widget-container\">\n\t\t\t\t\t<h2 class=\"elementor-heading-title elementor-size-default\">Grupo de pesquisa <\/h2>\t\t\t\t<\/div>\n\t\t\t\t<\/div>\n\t\t\t\t<div class=\"elementor-element elementor-element-68b767d wpr-advanced-text-style-animated wpr-fancy-text-typing wpr-animated-text-infinite-yes elementor-invisible elementor-widget elementor-widget-wpr-advanced-text\" data-id=\"68b767d\" data-element_type=\"widget\" data-settings=\"{&quot;_animation&quot;:&quot;slideInRight&quot;,&quot;_animation_delay&quot;:100,&quot;anim_loop&quot;:&quot;yes&quot;}\" data-widget_type=\"wpr-advanced-text.default\">\n\t\t\t\t<div class=\"elementor-widget-container\">\n\t\t\t\t\t\n\t\t<h3 class=\"wpr-advanced-text\">\n\n\t\t\t\t\t\n\t\t\t\t\t\t\t<span class=\"wpr-advanced-text-preffix\">Estrat\u00e9gia<br><\/span>\n\t\t\t\n\t\t<span class=\"wpr-anim-text wpr-anim-text-type-typing wpr-anim-text-letters\" data-anim-duration=\"200,2000\" data-anim-loop=\"yes\">\n\t\t\t<span class=\"wpr-anim-text-inner\">\n\t\t\t\t\t\t\t\t\t<b>Comportamental<\/b>\n\t\t\t\t\t\t\t<\/span>\n\t\t\t<span class=\"wpr-anim-text-cursor\">|<\/span>\t\t<\/span>\n\n\t\t\t\t\n\t\t<\/h3>\n\t\t\n\t\t\t\t\t\t<\/div>\n\t\t\t\t<\/div>\n\t\t\t\t<div class=\"elementor-element elementor-element-3623ffe elementor-invisible elementor-widget elementor-widget-text-editor\" data-id=\"3623ffe\" data-element_type=\"widget\" data-settings=\"{&quot;_animation&quot;:&quot;slideInRight&quot;,&quot;_animation_delay&quot;:200}\" data-widget_type=\"text-editor.default\">\n\t\t\t\t<div class=\"elementor-widget-container\">\n\t\t\t\t\t\t\t\t\t<p>O grupo de pesquisa em Estrat\u00e9gia Comportamental existe desde a sua inclus\u00e3o como um tema da divis\u00e3o de Estrat\u00e9gia em Organiza\u00e7\u00f5es (ESO) da Associa\u00e7\u00e3o Nacional de P\u00f3s-Gradua\u00e7\u00e3o e Pesquisa em Administra\u00e7\u00e3o (ANPAD) em 2019. Seu foco est\u00e1 voltado para o estudo dos aspectos comportamentais da estrat\u00e9gia, especialmente em rela\u00e7\u00e3o \u00e0 tomada de decis\u00e3o, escolhas e relacionamentos. Atualmente, pode ser considerado uma comunidade em crescimento, que inclui Institui\u00e7\u00f5es de Ensino Superior (IES), professores e alunos, tanto nacionais quanto internacionais.<\/p>\t\t\t\t\t\t\t\t<\/div>\n\t\t\t\t<\/div>\n\t\t\t\t\t<\/div>\n\t\t<\/div>\n\t\t\t\t<div class=\"elementor-column elementor-col-50 elementor-top-column elementor-element elementor-element-5692af5 elementor-hidden-tablet elementor-hidden-mobile\" data-id=\"5692af5\" data-element_type=\"column\">\n\t\t\t<div class=\"elementor-widget-wrap\">\n\t\t\t\t\t\t\t<\/div>\n\t\t<\/div>\n\t\t\t\t\t<\/div>\n\t\t<\/section>\n\t\t\t\t<\/div>\n\t\t","protected":false},"excerpt":{"rendered":"<p>Grupo de pesquisa Estrat\u00e9gia Comportamental | O grupo de pesquisa em Estrat\u00e9gia Comportamental existe desde a sua inclus\u00e3o como um tema da divis\u00e3o de Estrat\u00e9gia em Organiza\u00e7\u00f5es (ESO) da Associa\u00e7\u00e3o Nacional de P\u00f3s-Gradua\u00e7\u00e3o e Pesquisa em Administra\u00e7\u00e3o (ANPAD) em 2019. Seu foco est\u00e1 voltado para o estudo dos aspectos comportamentais da estrat\u00e9gia, especialmente em rela\u00e7\u00e3o \u00e0 tomada de decis\u00e3o, escolhas e relacionamentos. Atualmente, pode ser considerado uma comunidade em crescimento, que inclui Institui\u00e7\u00f5es de Ensino Superior (IES), professores e alunos, tanto nacionais quanto internacionais.<\/p>\n","protected":false},"author":1,"featured_media":0,"parent":0,"menu_order":0,"comment_status":"closed","ping_status":"closed","template":"elementor_canvas","meta":{"footnotes":""},"class_list":["post-747","page","type-page","status-publish","hentry"],"_links":{"self":[{"href":"https:\/\/gpestrategiacomportamental.com.br\/index.php?rest_route=\/wp\/v2\/pages\/747","targetHints":{"allow":["GET"]}}],"collection":[{"href":"https:\/\/gpestrategiacomportamental.com.br\/index.php?rest_route=\/wp\/v2\/pages"}],"about":[{"href":"https:\/\/gpestrategiacomportamental.com.br\/index.php?rest_route=\/wp\/v2\/types\/page"}],"author":[{"embeddable":true,"href":"https:\/\/gpestrategiacomportamental.com.br\/index.php?rest_route=\/wp\/v2\/users\/1"}],"replies":[{"embeddable":true,"href":"https:\/\/gpestrategiacomportamental.com.br\/index.php?rest_route=%2Fwp%2Fv2%2Fcomments&post=747"}],"version-history":[{"count":5,"href":"https:\/\/gpestrategiacomportamental.com.br\/index.php?rest_route=\/wp\/v2\/pages\/747\/revisions"}],"predecessor-version":[{"id":1111,"href":"https:\/\/gpestrategiacomportamental.com.br\/index.php?rest_route=\/wp\/v2\/pages\/747\/revisions\/1111"}],"wp:attachment":[{"href":"https:\/\/gpestrategiacomportamental.com.br\/index.php?rest_route=%2Fwp%2Fv2%2Fmedia&parent=747"}],"curies":[{"name":"wp","href":"https:\/\/api.w.org\/{rel}","templated":true}]}}